{"id":203,"date":"2020-03-23T19:04:05","date_gmt":"2020-03-23T19:04:05","guid":{"rendered":"http:\/\/schroetelervonbrandt.de\/?page_id=203"},"modified":"2020-03-23T19:04:05","modified_gmt":"2020-03-23T19:04:05","slug":"datenschutzerklaerung","status":"publish","type":"page","link":"https:\/\/schroetelervonbrandt.de\/?page_id=203","title":{"rendered":"Datenschutzerkl\u00e4rung"},"content":{"rendered":"\n<p>Datenschutz<\/p>\n\n\n\n<p>Die Betreiber dieser Seiten nehmen den Schutz Ihrer\npers\u00f6nlichen Daten sehr ernst. Wir behandeln Ihre personenbezogenen Daten\nvertraulich und entsprechend der gesetzlichen Datenschutzvorschriften sowie\ndieser Datenschutzerkl\u00e4rung.<\/p>\n\n\n\n<p>Die Nutzung unserer Webseite ist in der Regel ohne Angabe\npersonenbezogener Daten m\u00f6glich. Soweit auf unseren Seiten personenbezogene\nDaten (beispielsweise Name, Anschrift oder E-Mail-Adressen) erhoben werden,\nerfolgt dies, soweit m\u00f6glich, stets auf freiwilliger Basis. Diese Daten werden\nohne Ihre ausdr\u00fcckliche Zustimmung nicht an Dritte weitergegeben.<\/p>\n\n\n\n<p>Wir weisen darauf hin, dass die Daten\u00fcbertragung im Internet\n(z.B. bei der Kommunikation per E-Mail) Sicherheitsl\u00fccken aufweisen kann. Ein\nl\u00fcckenloser Schutz der Daten vor dem Zugriff durch Dritte ist nicht m\u00f6glich.<\/p>\n\n\n\n<p>Cookies<\/p>\n\n\n\n<p>Die Internetseiten verwenden teilweise so genannte Cookies.\nCookies richten auf Ihrem Rechner keinen Schaden an und enthalten keine Viren.\nCookies dienen dazu, unser Angebot nutzerfreundlicher, effektiver und sicherer\nzu machen. Cookies sind kleine Textdateien, die auf Ihrem Rechner abgelegt\nwerden und die Ihr Browser speichert.<\/p>\n\n\n\n<p>Die meisten der von uns verwendeten Cookies sind so genannte\n\u201eSession-Cookies\u201c. Sie werden nach Ende Ihres Besuchs automatisch gel\u00f6scht.\nAndere Cookies bleiben auf Ihrem Endger\u00e4t gespeichert, bis Sie diese l\u00f6schen.\nDiese Cookies erm\u00f6glichen es uns, Ihren Browser beim n\u00e4chsten Besuch\nwiederzuerkennen.<\/p>\n\n\n\n<p>Sie k\u00f6nnen Ihren Browser so einstellen, dass Sie \u00fcber das\nSetzen von Cookies informiert werden und Cookies nur im Einzelfall erlauben,\ndie Annahme von Cookies f\u00fcr bestimmte F\u00e4lle oder generell ausschlie\u00dfen sowie\ndas automatische L\u00f6schen der Cookies beim Schlie\u00dfen des Browser aktivieren. Bei\nder Deaktivierung von Cookies kann die Funktionalit\u00e4t dieser Website\neingeschr\u00e4nkt sein.<\/p>\n\n\n\n<p>Server-Log-Files<\/p>\n\n\n\n<p>Der Provider der Seiten erhebt und speichert automatisch\nInformationen in so genannten Server-Log Files, die Ihr Browser automatisch an\nuns \u00fcbermittelt. Dies sind:<\/p>\n\n\n\n<p>&nbsp;&nbsp;&nbsp; Browsertyp und\nBrowserversion<\/p>\n\n\n\n<p>&nbsp;&nbsp;&nbsp; verwendetes\nBetriebssystem<\/p>\n\n\n\n<p>&nbsp;&nbsp;&nbsp; Referrer URL<\/p>\n\n\n\n<p>&nbsp;&nbsp;&nbsp; Hostname des\nzugreifenden Rechners<\/p>\n\n\n\n<p>&nbsp;&nbsp;&nbsp; Uhrzeit der\nServeranfrage<\/p>\n\n\n\n<p>Diese Daten sind nicht bestimmten Personen zuordenbar. Eine\nZusammenf\u00fchrung dieser Daten mit anderen Datenquellen wird nicht vorgenommen.\nWir behalten uns vor, diese Daten nachtr\u00e4glich zu pr\u00fcfen, wenn uns konkrete\nAnhaltspunkte f\u00fcr eine rechtswidrige Nutzung bekannt werden.<\/p>\n\n\n\n<p>Kontaktformular<\/p>\n\n\n\n<p>Wenn Sie uns per Kontaktformular Anfragen zukommen lassen,\nwerden Ihre Angaben aus dem Anfrageformular inklusive der von Ihnen dort\nangegebenen Kontaktdaten zwecks Bearbeitung der Anfrage und f\u00fcr den Fall von\nAnschlussfragen bei uns gespeichert. Diese Daten geben wir nicht ohne Ihre\nEinwilligung weiter.<\/p>\n\n\n\n<p>SSL-Verschl\u00fcsselung<\/p>\n\n\n\n<p>Diese Seite nutzt aus Gr\u00fcnden der Sicherheit und zum Schutz\nder \u00dcbertragung vertraulicher Inhalte, wie zum Beispiel der Anfragen, die Sie\nan uns als Seitenbetreiber senden, eine SSL-Verschl\u00fcsselung. Eine\nverschl\u00fcsselte Verbindung erkennen Sie daran, dass die Adresszeile des Browsers\nvon \u201ehttp:\/\/\u201c auf \u201ehttps:\/\/\u201c wechselt und an dem Schloss-Symbol in Ihrer\nBrowserzeile.<\/p>\n\n\n\n<p>Recht auf Auskunft, L\u00f6schung, Sperrung<\/p>\n\n\n\n<p>Sie haben jederzeit das Recht auf unentgeltliche Auskunft\n\u00fcber Ihre gespeicherten personenbezogenen Daten, deren Herkunft und Empf\u00e4nger\nund den Zweck der Datenverarbeitung sowie ein Recht auf Berichtigung, Sperrung\noder L\u00f6schung dieser Daten. Hierzu sowie zu weiteren Fragen zum Thema\npersonenbezogene Daten k\u00f6nnen Sie sich jederzeit unter der im Impressum\nangegebenen Adresse an uns wenden.<\/p>\n\n\n\n<p>Widerspruch Werbe-Mails<\/p>\n\n\n\n<p>Der Nutzung von im Rahmen der Impressumspflicht\nver\u00f6ffentlichten Kontaktdaten zur \u00dcbersendung von nicht ausdr\u00fccklich\nangeforderter Werbung und Informationsmaterialien wird hiermit widersprochen.\nDie Betreiber der Seiten behalten sich ausdr\u00fccklich rechtliche Schritte im\nFalle der unverlangten Zusendung von Werbeinformationen, etwa durch\nSpam-E-Mails, vor.<\/p>\n\n\n\n<p>Quelle: https:\/\/www.e-recht24.de<\/p>\n\n\n\n<p>Online-Streitbeilegung:<\/p>\n\n\n\n<p>Die Europ\u00e4ische Kommission stellt eine Plattform zur\nOnline-Streitbeilegung (OS) bereit. Die Plattform finden Sie unter\nhttp:\/\/ec.europa.eu\/consumers\/odr. Verbraucher haben die M\u00f6glichkeit, diese\nPlattform f\u00fcr die Beilegung ihrer Streitigkeiten zu nutzen.<\/p>\n\n\n\n<p>Beilegung von Verbraucherstreitigkeiten:<\/p>\n\n\n\n<p>Zur Teilnahme an einem Streitbeilegungsverfahren vor einer\nVerbraucherschlichtungsstelle sind wir nicht verpflichtet und werden von Fall\nzu Fall individuell \u00fcber eine Teilnahme entscheiden.<\/p>\n","protected":false},"excerpt":{"rendered":"<p>Datenschutz Die Betreiber dieser Seiten nehmen den Schutz Ihrer pers\u00f6nlichen Daten sehr ernst. Wir behandeln Ihre personenbezogenen Daten vertraulich und entsprechend der gesetzlichen Datenschutzvorschriften sowie dieser Datenschutzerkl\u00e4rung. Die Nutzung unserer Webseite ist in der Regel ohne Angabe personenbezogener Daten m\u00f6glich. Soweit auf unseren Seiten personenbezogene Daten (beispielsweise Name, Anschrift oder E-Mail-Adressen) erhoben werden, erfolgt dies, &hellip; <\/p>\n<p class=\"link-more\"><a href=\"https:\/\/schroetelervonbrandt.de\/?page_id=203\" class=\"more-link\"><span class=\"screen-reader-text\">\u201eDatenschutzerkl\u00e4rung\u201c <\/span>weiterlesen<\/a><\/p>\n","protected":false},"author":3,"featured_media":0,"parent":0,"menu_order":0,"comment_status":"closed","ping_status":"closed","template":"","meta":{"footnotes":""},"class_list":["post-203","page","type-page","status-publish","hentry"],"_links":{"self":[{"href":"https:\/\/schroetelervonbrandt.de\/index.php?rest_route=\/wp\/v2\/pages\/203","targetHints":{"allow":["GET"]}}],"collection":[{"href":"https:\/\/schroetelervonbrandt.de\/index.php?rest_route=\/wp\/v2\/pages"}],"about":[{"href":"https:\/\/schroetelervonbrandt.de\/index.php?rest_route=\/wp\/v2\/types\/page"}],"author":[{"embeddable":true,"href":"https:\/\/schroetelervonbrandt.de\/index.php?rest_route=\/wp\/v2\/users\/3"}],"replies":[{"embeddable":true,"href":"https:\/\/schroetelervonbrandt.de\/index.php?rest_route=%2Fwp%2Fv2%2Fcomments&post=203"}],"version-history":[{"count":1,"href":"https:\/\/schroetelervonbrandt.de\/index.php?rest_route=\/wp\/v2\/pages\/203\/revisions"}],"predecessor-version":[{"id":204,"href":"https:\/\/schroetelervonbrandt.de\/index.php?rest_route=\/wp\/v2\/pages\/203\/revisions\/204"}],"wp:attachment":[{"href":"https:\/\/schroetelervonbrandt.de\/index.php?rest_route=%2Fwp%2Fv2%2Fmedia&parent=203"}],"curies":[{"name":"wp","href":"https:\/\/api.w.org\/{rel}","templated":true}]}}